{"id":480,"date":"2024-12-11T15:20:04","date_gmt":"2024-12-11T12:20:04","guid":{"rendered":"https:\/\/fezahome.com\/?post_type=product&#038;p=480"},"modified":"2024-12-11T15:20:04","modified_gmt":"2024-12-11T12:20:04","slug":"1160-gallery","status":"publish","type":"product","link":"https:\/\/fezahome.com\/?product=1160-gallery","title":{"rendered":"1160 Gallery"},"content":{"rendered":"<div class=\"Detail-right-features-item\"><img decoding=\"async\" src=\"https:\/\/www.kreasyonhali.com\/admin\/uploads\/image\/icon-carpet1.svg\" alt=\"\" \/>\u00dcR\u00dcN \u00d6ZELL\u0130\u011e\u0130Viskon ve akrilik ipliklerden 1.250.000 s\u0131kl\u0131kta modern tezgahlarda u\u0308retilmi\u015ftir. \u00dcru\u0308n dokuma sonras\u0131 y\u0131kama ve u\u0308tu\u0308leme i\u015flemlerinden ge\u00e7mi\u015ftir.<\/p>\n<\/div>\n<div class=\"Detail-right-features-item\"><img decoding=\"async\" src=\"https:\/\/www.kreasyonhali.com\/admin\/uploads\/image\/icon-carpet2.svg\" alt=\"\" \/>EBATLAR80x150 \/ 80&#215;300 \/ 100&#215;200 \/ 100&#215;300 \/ 120&#215;180 \/ 160&#215;230 \/ 200&#215;290 \/ 240&#215;340 \/ 300&#215;400\/ \u00d6zel \u00d6l\u00e7u\u0308<\/p>\n<\/div>\n","protected":false},"excerpt":{"rendered":"<p>\u00dcR\u00dcN \u00d6ZELL\u0130\u011e\u0130Viskon ve akrilik ipliklerden 1.250.000 s\u0131kl\u0131kta modern tezgahlarda u\u0308retilmi\u015ftir. \u00dcru\u0308n dokuma sonras\u0131 y\u0131kama ve u\u0308tu\u0308leme i\u015flemlerinden ge\u00e7mi\u015ftir. EBATLAR80x150 \/ 80&#215;300 \/ 100&#215;200 \/ 100&#215;300 \/<span class=\"excerpt-hellip\"> [\u2026]<\/span><\/p>\n","protected":false},"featured_media":482,"comment_status":"open","ping_status":"closed","template":"","meta":[],"product_cat":[164],"product_tag":[165],"_links":{"self":[{"href":"https:\/\/fezahome.com\/index.php?rest_route=\/wp\/v2\/product\/480"}],"collection":[{"href":"https:\/\/fezahome.com\/index.php?rest_route=\/wp\/v2\/product"}],"about":[{"href":"https:\/\/fezahome.com\/index.php?rest_route=\/wp\/v2\/types\/product"}],"replies":[{"embeddable":true,"href":"https:\/\/fezahome.com\/index.php?rest_route=%2Fwp%2Fv2%2Fcomments&post=480"}],"wp:featuredmedia":[{"embeddable":true,"href":"https:\/\/fezahome.com\/index.php?rest_route=\/wp\/v2\/media\/482"}],"wp:attachment":[{"href":"https:\/\/fezahome.com\/index.php?rest_route=%2Fwp%2Fv2%2Fmedia&parent=480"}],"wp:term":[{"taxonomy":"product_cat","embeddable":true,"href":"https:\/\/fezahome.com\/index.php?rest_route=%2Fwp%2Fv2%2Fproduct_cat&post=480"},{"taxonomy":"product_tag","embeddable":true,"href":"https:\/\/fezahome.com\/index.php?rest_route=%2Fwp%2Fv2%2Fproduct_tag&post=480"}],"curies":[{"name":"wp","href":"https:\/\/api.w.org\/{rel}","templated":true}]}}